{"id":1330,"date":"2025-08-15T16:40:28","date_gmt":"2025-08-15T14:40:28","guid":{"rendered":"https:\/\/shoppingaparis.fr\/?post_type=product&#038;p=1330"},"modified":"2025-08-15T17:06:31","modified_gmt":"2025-08-15T15:06:31","slug":"montre-elegante-etanche-et-sportive-10-000fcfa","status":"publish","type":"product","link":"https:\/\/shoppingaparis.fr\/?product=montre-elegante-etanche-et-sportive-10-000fcfa","title":{"rendered":"Montre \u00e9l\u00e9gante \u00e9tanche et sportive (10.000Fcfa)"},"content":{"rendered":"<p>Montre homme en Cuir, \u00e9tanche, cadran lumineux avec calendrier et semaine, style \u00e9l\u00e9gant et sportif<\/p>\n","protected":false},"excerpt":{"rendered":"<p>Montre homme en Cuir, \u00e9tanche, cadran lumineux avec calendrier et semaine, style \u00e9l\u00e9gant et sportif<\/p>\n","protected":false},"featured_media":1335,"template":"","meta":{"_seopress_robots_primary_cat":"none","_seopress_titles_title":"","_seopress_titles_desc":"","_seopress_robots_index":"","_monsterinsights_skip_tracking":false,"_monsterinsights_sitenote_active":false,"_monsterinsights_sitenote_note":"","_monsterinsights_sitenote_category":0},"product_brand":[],"product_cat":[41],"product_tag":[],"class_list":{"0":"post-1330","1":"product","2":"type-product","3":"status-publish","4":"has-post-thumbnail","6":"product_cat-accessories","8":"first","9":"instock","10":"shipping-taxable","11":"product-type-simple"},"_links":{"self":[{"href":"https:\/\/shoppingaparis.fr\/index.php?rest_route=\/wp\/v2\/product\/1330","targetHints":{"allow":["GET"]}}],"collection":[{"href":"https:\/\/shoppingaparis.fr\/index.php?rest_route=\/wp\/v2\/product"}],"about":[{"href":"https:\/\/shoppingaparis.fr\/index.php?rest_route=\/wp\/v2\/types\/product"}],"wp:featuredmedia":[{"embeddable":true,"href":"https:\/\/shoppingaparis.fr\/index.php?rest_route=\/wp\/v2\/media\/1335"}],"wp:attachment":[{"href":"https:\/\/shoppingaparis.fr\/index.php?rest_route=%2Fwp%2Fv2%2Fmedia&parent=1330"}],"wp:term":[{"taxonomy":"product_brand","embeddable":true,"href":"https:\/\/shoppingaparis.fr\/index.php?rest_route=%2Fwp%2Fv2%2Fproduct_brand&post=1330"},{"taxonomy":"product_cat","embeddable":true,"href":"https:\/\/shoppingaparis.fr\/index.php?rest_route=%2Fwp%2Fv2%2Fproduct_cat&post=1330"},{"taxonomy":"product_tag","embeddable":true,"href":"https:\/\/shoppingaparis.fr\/index.php?rest_route=%2Fwp%2Fv2%2Fproduct_tag&post=1330"}],"curies":[{"name":"wp","href":"https:\/\/api.w.org\/{rel}","templated":true}]}}