{"id":1341,"date":"2025-08-15T17:03:13","date_gmt":"2025-08-15T15:03:13","guid":{"rendered":"https:\/\/shoppingaparis.fr\/?post_type=product&#038;p=1341"},"modified":"2025-08-15T17:04:10","modified_gmt":"2025-08-15T15:04:10","slug":"montre-lige-unisexe-17-000fcfa","status":"publish","type":"product","link":"https:\/\/shoppingaparis.fr\/?product=montre-lige-unisexe-17-000fcfa","title":{"rendered":"Montre Lige unisexe (17.000Fcfa)"},"content":{"rendered":"<p>Montre unisexe LIGE de luxe &#8211; \u00c9tanche jusqu&#8217;\u00e0 30m, affichage analogique et num\u00e9rique, chronographe, calendrier, date &#8211; Bo\u00eetier en alliage de zinc dor\u00e9 et bracelet en silicone<\/p>\n","protected":false},"excerpt":{"rendered":"<p>Montre unisexe LIGE de luxe &#8211; \u00c9tanche jusqu&#8217;\u00e0 30m, affichage analogique et num\u00e9rique, chronographe, calendrier, date &#8211; Bo\u00eetier en alliage de zinc dor\u00e9 et bracelet en silicone<\/p>\n","protected":false},"featured_media":1350,"template":"","meta":{"_seopress_robots_primary_cat":"none","_seopress_titles_title":"","_seopress_titles_desc":"","_seopress_robots_index":"","_monsterinsights_skip_tracking":false,"_monsterinsights_sitenote_active":false,"_monsterinsights_sitenote_note":"","_monsterinsights_sitenote_category":0},"product_brand":[],"product_cat":[41],"product_tag":[],"class_list":{"0":"post-1341","1":"product","2":"type-product","3":"status-publish","4":"has-post-thumbnail","6":"product_cat-accessories","8":"first","9":"instock","10":"shipping-taxable","11":"product-type-simple"},"_links":{"self":[{"href":"https:\/\/shoppingaparis.fr\/index.php?rest_route=\/wp\/v2\/product\/1341","targetHints":{"allow":["GET"]}}],"collection":[{"href":"https:\/\/shoppingaparis.fr\/index.php?rest_route=\/wp\/v2\/product"}],"about":[{"href":"https:\/\/shoppingaparis.fr\/index.php?rest_route=\/wp\/v2\/types\/product"}],"wp:featuredmedia":[{"embeddable":true,"href":"https:\/\/shoppingaparis.fr\/index.php?rest_route=\/wp\/v2\/media\/1350"}],"wp:attachment":[{"href":"https:\/\/shoppingaparis.fr\/index.php?rest_route=%2Fwp%2Fv2%2Fmedia&parent=1341"}],"wp:term":[{"taxonomy":"product_brand","embeddable":true,"href":"https:\/\/shoppingaparis.fr\/index.php?rest_route=%2Fwp%2Fv2%2Fproduct_brand&post=1341"},{"taxonomy":"product_cat","embeddable":true,"href":"https:\/\/shoppingaparis.fr\/index.php?rest_route=%2Fwp%2Fv2%2Fproduct_cat&post=1341"},{"taxonomy":"product_tag","embeddable":true,"href":"https:\/\/shoppingaparis.fr\/index.php?rest_route=%2Fwp%2Fv2%2Fproduct_tag&post=1341"}],"curies":[{"name":"wp","href":"https:\/\/api.w.org\/{rel}","templated":true}]}}